{"id":4597,"date":"2022-04-12T17:48:06","date_gmt":"2022-04-12T14:48:06","guid":{"rendered":"https:\/\/infomir.store\/?page_id=4597"},"modified":"2023-11-13T13:51:23","modified_gmt":"2023-11-13T10:51:23","slug":"shipping-and-payment","status":"publish","type":"page","link":"https:\/\/infomir.store\/de\/shipping-and-payment\/","title":{"rendered":"Versand und Zahlung"},"content":{"rendered":"\n<p><\/p>\n\n\n\n<div class=\"wp-block-columns container-page padding-bottom is-layout-flex wp-container-core-columns-is-layout-9d6595d7 wp-block-columns-is-layout-flex\">\n<div class=\"wp-block-column is-layout-flow wp-block-column-is-layout-flow\">\n<p>Die Zahlung kann per Kreditkarte, GiroPay oder Bank\u00fcberweisung erfolgen. Die Lieferkosten h\u00e4ngen von der Gr\u00f6\u00dfe Ihrer Bestellung, der Entfernung, dem gew\u00e4hlten Tarif und der Art der Zustellung (Standardversand oder versichert) ab.<\/p>\n\n\n\n<p>Die Lieferung ist CPT-konform: Die Verantwortung f\u00fcr die Sicherheit Ihres Pakets liegt bei dem gew\u00e4hlten Transportunternehmen (DHL oder FedEx).<\/p>\n\n\n\n<blockquote class=\"wp-block-quote is-layout-flow wp-block-quote-is-layout-flow\">\n<p>*Bitte beachten Sie: DHL \u00fcbergibt die Pakete in bestimmten L\u00e4ndern an die \u00f6rtliche Post und ist rechtlich nicht verantwortlich, sobald das Paket an diese \u00fcbergeben wurde.<\/p>\n<\/blockquote>\n\n\n\n<p><\/p>\n\n\n\n<p>Hermes haftet f\u00fcr Sendungen bis zu einem Wert von 500 EUR.<\/p>\n\n\n\n<p>Wir liefern in die Europ\u00e4ische Union. Die endg\u00fcltigen Lieferkosten werden automatisch berechnet und sind in der Vorauszahlung enthalten, wenn Sie Ihre Bestellung aufgeben.<\/p>\n\n\n\n<p><\/p>\n\n\n\n<p>Um die Preise aller Versandunternehmen zu vergleichen, platzieren Sie die gew\u00fcnschten Artikel in den Warenkorb, gehen Sie dann zum Warenkorb und geben Sie das Zielland an.<\/p>\n\n\n\n<p>Wenn Sie Schwierigkeiten bei der Bestellung haben, wenden Sie sich bitte an sales@infomir.shop.com<br><\/p>\n\n\n\n<div class=\"wp-block-columns is-layout-flex wp-container-core-columns-is-layout-9d6595d7 wp-block-columns-is-layout-flex\">\n<div class=\"wp-block-column is-layout-flow wp-block-column-is-layout-flow\" style=\"flex-basis:100%\"><\/div>\n<\/div>\n\n\n\n<pre>\u00a0<\/pre>\n<\/div>\n<\/div>\n\n\n<section class=\"advantages\">\n    <div class=\"container\">\n        <ul class=\"advantages__list\">\n                            <li class=\"advantages__item\">\n                    <figure class=\"advantages__img\">\n                        <img loading=\"lazy\" decoding=\"async\" src=\"https:\/\/infomir.store\/wp-content\/uploads\/2022\/04\/Infomir-oficail.svg\" alt=\"\" width=\"32\" height=\"32\">\n                    <\/figure>\n                    <h4 class=\"advantages__text\">\n                        Infomir official dealer \n                    <\/h4>\n                <\/li>\n                            <li class=\"advantages__item\">\n                    <figure class=\"advantages__img\">\n                        <img loading=\"lazy\" decoding=\"async\" src=\"https:\/\/infomir.store\/wp-content\/uploads\/2022\/04\/Manufact_prices.svg\" alt=\"\" width=\"32\" height=\"32\">\n                    <\/figure>\n                    <h4 class=\"advantages__text\">\n                        Manufacturer\u2019s pricing \n                    <\/h4>\n                <\/li>\n                            <li class=\"advantages__item\">\n                    <figure class=\"advantages__img\">\n                        <img loading=\"lazy\" decoding=\"async\" src=\"https:\/\/infomir.store\/wp-content\/uploads\/2022\/04\/Operator-support.svg\" alt=\"\" width=\"32\" height=\"32\">\n                    <\/figure>\n                    <h4 class=\"advantages__text\">\n                        Expert tech support \n                    <\/h4>\n                <\/li>\n                            <li class=\"advantages__item\">\n                    <figure class=\"advantages__img\">\n                        <img loading=\"lazy\" decoding=\"async\" src=\"https:\/\/infomir.store\/wp-content\/uploads\/2022\/04\/1000_customers.svg\" alt=\"\" width=\"32\" height=\"32\">\n                    <\/figure>\n                    <h4 class=\"advantages__text\">\n                        Over 1,000 buyers \n                    <\/h4>\n                <\/li>\n                            <li class=\"advantages__item\">\n                    <figure class=\"advantages__img\">\n                        <img loading=\"lazy\" decoding=\"async\" src=\"https:\/\/infomir.store\/wp-content\/uploads\/2022\/04\/Fast_delivery.svg\" alt=\"\" width=\"32\" height=\"32\">\n                    <\/figure>\n                    <h4 class=\"advantages__text\">\n                        Fast delivery \n                    <\/h4>\n                <\/li>\n                            <li class=\"advantages__item\">\n                    <figure class=\"advantages__img\">\n                        <img loading=\"lazy\" decoding=\"async\" src=\"https:\/\/infomir.store\/wp-content\/uploads\/2022\/04\/Warranty_serv.svg\" alt=\"\" width=\"32\" height=\"32\">\n                    <\/figure>\n                    <h4 class=\"advantages__text\">\n                        Warranty and post-warranty service\n                    <\/h4>\n                <\/li>\n                    <\/ul>\n    <\/div>\n    <!-- \/.container -->\n<\/section>\n<!-- \/.advantages -->","protected":false},"excerpt":{"rendered":"<p>Die Zahlung kann per Kreditkarte, GiroPay oder Bank\u00fcberweisung erfolgen. Die Lieferkosten h\u00e4ngen von der Gr\u00f6\u00dfe Ihrer Bestellung, der Entfernung, dem gew\u00e4hlten Tarif und der Art der Zustellung (Standardversand oder versichert) ab. Die Lieferung ist CPT-konform: Die Verantwortung f\u00fcr die Sicherheit Ihres Pakets liegt bei dem gew\u00e4hlten Transportunternehmen (DHL oder FedEx). *Bitte beachten Sie: DHL \u00fcbergibt [&hellip;]<\/p>\n","protected":false},"author":25,"featured_media":0,"parent":0,"menu_order":0,"comment_status":"closed","ping_status":"closed","template":"","meta":{"_acf_changed":false,"_monsterinsights_skip_tracking":false,"_monsterinsights_sitenote_active":false,"_monsterinsights_sitenote_note":"","_monsterinsights_sitenote_category":0,"footnotes":""},"class_list":["post-4597","page","type-page","status-publish","hentry"],"acf":[],"aioseo_notices":[],"_links":{"self":[{"href":"https:\/\/infomir.store\/de\/wp-json\/wp\/v2\/pages\/4597","targetHints":{"allow":["GET"]}}],"collection":[{"href":"https:\/\/infomir.store\/de\/wp-json\/wp\/v2\/pages"}],"about":[{"href":"https:\/\/infomir.store\/de\/wp-json\/wp\/v2\/types\/page"}],"author":[{"embeddable":true,"href":"https:\/\/infomir.store\/de\/wp-json\/wp\/v2\/users\/25"}],"replies":[{"embeddable":true,"href":"https:\/\/infomir.store\/de\/wp-json\/wp\/v2\/comments?post=4597"}],"version-history":[{"count":0,"href":"https:\/\/infomir.store\/de\/wp-json\/wp\/v2\/pages\/4597\/revisions"}],"wp:attachment":[{"href":"https:\/\/infomir.store\/de\/wp-json\/wp\/v2\/media?parent=4597"}],"curies":[{"name":"wp","href":"https:\/\/api.w.org\/{rel}","templated":true}]}}