{"id":4599,"date":"2022-07-14T14:31:48","date_gmt":"2022-07-14T11:31:48","guid":{"rendered":"https:\/\/infomir.store\/ueber-uns\/"},"modified":"2023-11-13T13:51:57","modified_gmt":"2023-11-13T10:51:57","slug":"about-us","status":"publish","type":"page","link":"https:\/\/infomir.store\/de\/about-us\/","title":{"rendered":"\u00dcber uns"},"content":{"rendered":"<section class=\"advantages\">\n    <div class=\"container\">\n        <ul class=\"advantages__list\">\n                            <li class=\"advantages__item\">\n                    <figure class=\"advantages__img\">\n                        <img loading=\"lazy\" decoding=\"async\" src=\"https:\/\/infomir.store\/wp-content\/uploads\/2022\/04\/Infomir-oficail.svg\" alt=\"\" width=\"32\" height=\"32\">\n                    <\/figure>\n                    <h4 class=\"advantages__text\">\n                        Offizieller Infomir-H\u00e4ndler\n                    <\/h4>\n                <\/li>\n                            <li class=\"advantages__item\">\n                    <figure class=\"advantages__img\">\n                        <img loading=\"lazy\" decoding=\"async\" src=\"https:\/\/infomir.store\/wp-content\/uploads\/2022\/04\/Manufact_prices.svg\" alt=\"\" width=\"32\" height=\"32\">\n                    <\/figure>\n                    <h4 class=\"advantages__text\">\n                        Herstellerpreise\n                    <\/h4>\n                <\/li>\n                            <li class=\"advantages__item\">\n                    <figure class=\"advantages__img\">\n                        <img loading=\"lazy\" decoding=\"async\" src=\"https:\/\/infomir.store\/wp-content\/uploads\/2022\/04\/Operator-support.svg\" alt=\"\" width=\"32\" height=\"32\">\n                    <\/figure>\n                    <h4 class=\"advantages__text\">\n                        Qualifizierter technischer Support\n                    <\/h4>\n                <\/li>\n                            <li class=\"advantages__item\">\n                    <figure class=\"advantages__img\">\n                        <img loading=\"lazy\" decoding=\"async\" src=\"https:\/\/infomir.store\/wp-content\/uploads\/2022\/04\/1000_customers.svg\" alt=\"\" width=\"32\" height=\"32\">\n                    <\/figure>\n                    <h4 class=\"advantages__text\">\n                        Mehr als 1000 zufriedene Kunden!\n                    <\/h4>\n                <\/li>\n                            <li class=\"advantages__item\">\n                    <figure class=\"advantages__img\">\n                        <img loading=\"lazy\" decoding=\"async\" src=\"https:\/\/infomir.store\/wp-content\/uploads\/2022\/04\/Fast_delivery.svg\" alt=\"\" width=\"32\" height=\"32\">\n                    <\/figure>\n                    <h4 class=\"advantages__text\">\n                        Schnelle Lieferung.\n                    <\/h4>\n                <\/li>\n                            <li class=\"advantages__item\">\n                    <figure class=\"advantages__img\">\n                        <img loading=\"lazy\" decoding=\"async\" src=\"https:\/\/infomir.store\/wp-content\/uploads\/2022\/04\/Warranty_serv.svg\" alt=\"\" width=\"32\" height=\"32\">\n                    <\/figure>\n                    <h4 class=\"advantages__text\">\n                        Garantie- und Nachgarantieservice f\u00fcr Ihre Set-Top-Boxen.\n                    <\/h4>\n                <\/li>\n                    <\/ul>\n    <\/div>\n    <!-- \/.container -->\n<\/section>\n<!-- \/.advantages -->","protected":false},"excerpt":{"rendered":"","protected":false},"author":1,"featured_media":0,"parent":0,"menu_order":0,"comment_status":"closed","ping_status":"closed","template":"page-template\/template-about.php","meta":{"_acf_changed":false,"_monsterinsights_skip_tracking":false,"_monsterinsights_sitenote_active":false,"_monsterinsights_sitenote_note":"","_monsterinsights_sitenote_category":0,"footnotes":""},"class_list":["post-4599","page","type-page","status-publish","hentry"],"acf":{"about_header_img":{"mob":970,"desk":967},"about_header_text":"Infomir ist ein f\u00fchrender europ\u00e4ischer Produzent von Set-Top-Boxen mit Android TV\u2122 und Linux f\u00fcr moderne Streaming-Betreiber, die unser Unternehmen schon seit 2001 herstellt. Mehr als 8 Millionen Menschen auf der ganzen Welt haben in den letzten 20 Jahren Ger\u00e4te von Infomir gekauft. Es gibt etwa 4.500 Unternehmen in \u00fcber 150 L\u00e4ndern, die unsere IT-L\u00f6sungen und Produkte nutzen.","about_numbers":[{"about_number":"2001","subnamber_text":"Jahr der Gr\u00fcndung"},{"about_number":"150 +","subnamber_text":"L\u00e4nder mit laufenden MAG-Projekten"},{"about_number":"\u00dcber 8 Millionen","subnamber_text":"zufriedene Kunden"}],"about_strengths_img":{"mob":976,"desk":973},"strengths_title":"Unsere Kompetenzen","strengths_text":"Infomir ist ein f\u00fchrender Entwickler und Anbieter von wettbewerbsf\u00e4higen, zuverl\u00e4ssigen und nachhaltigen L\u00f6sungen. Unser Unternehmen sucht st\u00e4ndig nach neuen Wegen und verfolgt die neuesten globalen Trends in der Branche.","strengths_items":null,"our_partners_title":"Vollst\u00e4ndiger Produktionszyklus","our_partners":[{"logo":1028,"link":"#"},{"logo":1031,"link":"#"},{"logo":1034,"link":"#"},{"logo":1037,"link":"#"},{"logo":1040,"link":"#"},{"logo":1043,"link":"#"}]},"aioseo_notices":[],"_links":{"self":[{"href":"https:\/\/infomir.store\/de\/wp-json\/wp\/v2\/pages\/4599","targetHints":{"allow":["GET"]}}],"collection":[{"href":"https:\/\/infomir.store\/de\/wp-json\/wp\/v2\/pages"}],"about":[{"href":"https:\/\/infomir.store\/de\/wp-json\/wp\/v2\/types\/page"}],"author":[{"embeddable":true,"href":"https:\/\/infomir.store\/de\/wp-json\/wp\/v2\/users\/1"}],"replies":[{"embeddable":true,"href":"https:\/\/infomir.store\/de\/wp-json\/wp\/v2\/comments?post=4599"}],"version-history":[{"count":0,"href":"https:\/\/infomir.store\/de\/wp-json\/wp\/v2\/pages\/4599\/revisions"}],"wp:attachment":[{"href":"https:\/\/infomir.store\/de\/wp-json\/wp\/v2\/media?parent=4599"}],"curies":[{"name":"wp","href":"https:\/\/api.w.org\/{rel}","templated":true}]}}