{"id":4604,"date":"2022-05-31T10:55:09","date_gmt":"2022-05-31T07:55:09","guid":{"rendered":"https:\/\/infomir.store\/?page_id=4604"},"modified":"2023-11-13T14:43:29","modified_gmt":"2023-11-13T11:43:29","slug":"cookie-policy","status":"publish","type":"page","link":"https:\/\/infomir.store\/de\/cookie-policy\/","title":{"rendered":"Cookie-Richtlinie"},"content":{"rendered":"\n<div class=\"wp-block-columns container-page is-layout-flex wp-container-core-columns-is-layout-9d6595d7 wp-block-columns-is-layout-flex\">\n<div class=\"wp-block-column is-layout-flow wp-block-column-is-layout-flow\">\n<p>Unsere Website verwendet Cookies, um Informationen \u00fcber ihre Nutzung zu sammeln. Das bedeutet, dass beim Besuch unserer Website auf Ihrem Computer oder mobilen Ger\u00e4t Cookies abgelegt werden. Mit Ver\u00f6ffentlichung dieser Cookie-Richtlinie bekennen wir uns zu den aktuellen gesetzlichen Anforderungen an die Nutzung von Cookies und stellen Ihnen Informationen zur Verf\u00fcgung, damit es f\u00fcr Sie nachvollziehbar ist, welche Art von Cookies wir verwenden und warum wir dies tun. Wir wollen auf diese Weise bei der Datenverarbeitung Transparenz beweisen.<\/p>\n\n\n\n<p><strong>WAS SIND COOKIES?\n\n\n<\/strong><\/p>\n\n\n\n<p>A cookie is a small text file that a website saves on your computer or mobile device when you visit the website. It enables the website to remember your actions and preferences (such as login, language, font size and other display preferences) over a period of time, so you don\u2019t have to keep re-entering them whenever you come back to the website or browse from one webpage to another.<\/p>\n\n\n\n<p><strong>How Do We Use Cookies?<\/strong><\/p>\n\n\n\n<p>Cookies sind kleine Textdateien, die bei Ihrem Besuch auf unserer Website auf Ihrem Computer oder Mobilger\u00e4t abgelegt werden. Diese Dateien werden auf dem Computer oder dem Mobilger\u00e4t des Nutzers oder Besuchers gespeichert und beinhalten anonyme Daten, die f\u00fcr das System nicht sch\u00e4dlich sind.<\/p>\n\n\n\n<p><strong>WIE VERWENDEN WIR COOKIES?<\/strong><\/p>\n\n\n\n<p>Cookies sind eine wichtige Hilfe bei unserem Bestreben, Ihnen effektive Dienstleistungen anbieten zu k\u00f6nnen. Von Zeit zu Zeit \u00e4ndern wir eventuell die Liste der Cookies bei der Optimierung unserer Dienste, aber \u00fcblicherweise verwenden wir Cookies zu folgenden Zwecken:<\/p>\n\n\n\n<p>1) Um den Bed\u00fcrfnissen der Besucher unserer Website gerecht zu werden und als Unterst\u00fctzung f\u00fcr uns, um die Benutzerfreundlichkeit zu verbessern Wir setzen Cookies ein, um Informationen \u00fcber Ihre Besuche und das Ger\u00e4t, mit dem Sie auf unsere Website zugreifen, zu erlangen. Das umfasst, soweit verf\u00fcgbar, Ihre IP-Adresse und pseudonyme Identifikatoren, Betriebssystem und Browsertyp und, abh\u00e4ngig vom jeweiligen Cookie, auch die Meldung statistischer Daten \u00fcber die Surfaktionen und -muster unserer Nutzer. Cookies erlauben uns, Nutzer wiederzuerkennen und die Funktionalit\u00e4t unserer Website anzupassen.<\/p>\n\n\n\n<p>2) F\u00fcr den Betrieb unserer Website und die Bereitstellung unserer Dienstleistungen. Einige Cookies sind f\u00fcr den Betrieb unserer Website und unserer Dienste unerl\u00e4sslich. Wir nutzen diese Cookies in unterschiedlicher Art und Weise, incl:<\/p>\n\n\n\n<p>&#8211; zur Authentifizierung. Wir verwenden Cookies, um Ihren Login-Status zu speichern, damit Sie sich nicht anmelden m\u00fcssen, wenn Sie durch unsere Website und Ihr Dashboard navigieren. Wenn Sie sich z. B. in Ihr Website-Konto einloggen, verwenden wir ein Cookie, damit Sie sich w\u00e4hrend der Navigation auf unserer Website nicht erneut anmelden m\u00fcssen.<\/p>\n\n\n\n<p>&#8211; zur Betrugspr\u00e4vention und -detektion. Cookies helfen uns, etwas \u00fcber Computer und Webbrowser zu erfahren, die f\u00fcr den Zugriff auf unsere Website verwendet werden. Diese Informationen helfen uns, den potenziell sch\u00e4dlichen oder illegalen Gebrauch unserer Website und Dienstleistungen zu \u00fcberwachen und zu erkennen.<\/p>\n\n\n\n<p>&#8211; um sich daran zu erinnern, wie Sie unsere Website und unsere Dienstleistungen bevorzugt nutzen, damit Sie nicht bei jedem Besuch unserer Website die Einstellungen Ihrer Webseiten neu konfigurieren m\u00fcssen.<\/p>\n\n\n\n<p>COOKIE-TYPEN<\/p>\n\n\n\n<p>Cookies werden entweder von unserer Website (First-Party-Cookies) oder von anderen Websites mit Inhalten, die auf unserer Website erscheinen (Third-Party-Cookies), gesetzt. In den Cookie-Tabellen sehen Sie eine Beschreibung der verwendeten Cookies von Erstanbietern und Drittanbietern. Bitte beachten Sie, dass unsere Cookie-Tabellen nicht vollst\u00e4ndig, sondern repr\u00e4sentativ sein sollen, und, dass Benutzer und Besucher unserer Website weitere Cookies setzen k\u00f6nnen, je nachdem, welche Funktionen sie aktiviert oder welche Plugins sie installiert haben.<\/p>\n\n\n\n<p>Auf unserer Website setzen wir folgende Arten von First-Party-Cookies ein:<\/p>\n\n\n\n<p>a) je nach Verfallsdauer:<\/p>\n\n\n\n<p>&#8211; Ein Session-Cookie ist ein Cookie, das automatisch gel\u00f6scht wird, wenn Sie Ihren Browser nach der Nutzung der Website oder sogar fr\u00fcher schlie\u00dfen. Session-Cookies helfen unserer Website, sich daran zu erinnern, was Sie auf der vorherigen Seite gew\u00e4hlt haben, so dass die Notwendigkeit einer erneuten Eingabe von Informationen entf\u00e4llt und Sie Ihr Erlebnis w\u00e4hrend der Nutzung der Website verbessern k\u00f6nnen.<\/p>\n\n\n\n<p>&#8211; Ein Dauer-Cookie verbleibt nach Ihrem Besuch unserer Website auf Ihrem Computer oder Mobilger\u00e4t. Dauer-Cookies helfen uns, Sie als eindeutigen Besucher zu identifizieren.<\/p>\n\n\n\n<p>b) basierend auf dem Funktions-Cookie und dem Zweck, f\u00fcr den das Cookie verwendet wird:<\/p>\n\n\n\n<p>&#8211; Streng notwendige Cookies<\/p>\n\n\n\n<p>Sind unerl\u00e4sslich, damit Sie sich auf der Website bewegen und deren Funktionen nutzen k\u00f6nnen. Ohne diese Cookies k\u00f6nnen einige Dienste nicht angeboten werden.<\/p>\n\n\n\n<p>&#8211; Leistungs-Cookies<\/p>\n\n\n\n<p>Sammeln Informationen dar\u00fcber, wie eine Website genutzt wird &#8211; z. B. welche Seiten ein Besucher oder Nutzer unserer Website am h\u00e4ufigsten \u00f6ffnet und ob der Nutzer oder Besucher von einigen Seiten Fehlermeldungen erh\u00e4lt. Diese Cookies dienen ausschlie\u00dflich zur Leistungsoptimierung der Website und damit der Benutzerfreundlichkeit.<\/p>\n\n\n\n<p>&#8211; Funktionale Cookies<\/p>\n\n\n\n<p>Erm\u00f6glichen einer Website das Speichern bereits eingegebener Informationen (z.B. Benutzernamen), um Ihnen optimierte und personalisiertere Funktionen anbieten zu k\u00f6nnen. Funktionale Cookies dienen ferner der Aktivierung Ihrerseits gew\u00fcnschter Funktionen.<\/p>\n\n\n\n<p>Wir verwenden verschiedene Dienste von Drittanbietern, um das Erlebnis der Website-Besucher zu verbessern und die Bereitstellung unserer Dienste zu rationalisieren. In unserer Cookie-Tabelle haben wir Links zu mit uns kooperierenden Dienstleistern aufgef\u00fchrt, die auf unseren Websites und damit auf Ihrem Computer und\/ oder Mobilger\u00e4t Cookies mit jeweiligen Anweisungen zum Abmelden ihrer Cookies setzen. Wir haben keine direkte Kontrolle \u00fcber die Informationen, die von diesen Cookies gesammelt werden.<\/p>\n\n\n\n<p>Neben Performance-Cookies nutzen diese Drittanbieter:<\/p>\n\n\n\n<p>&#8211; Werbe- und Targeting-Cookies, deren Nutzung dem Verst\u00e4ndnis dessen dient, wie Sie unsere Website verwenden und wie wir ein besseres Erlebnis anbieten k\u00f6nnen, sowie um Inhalte und Werbung bereitzustellen, die am besten zu Ihnen und Ihren Interessen passen. Die Informationen, die wir von diesen Cookies erhalten, helfen uns dabei, unsere Kenntnisse zu erweitern, z.B. dar\u00fcber welche Webseiten und Produkte Sie bevorzugen.<\/p>\n\n\n\n<p>WIE KANN MAN COOKIES KONTROLLIEREN?<\/p>\n\n\n\n<p>Sie k\u00f6nnen alle Cookies l\u00f6schen, die sich bereits auf Ihrem Computer oder Mobilger\u00e4t befinden, und Sie k\u00f6nnen die meisten Browser so einstellen, dass sie nicht gesetzt werden. In Ihrem Browser k\u00f6nnen Sie ausw\u00e4hlen, ob Sie Cookies akzeptieren m\u00f6chten oder nicht. Unterschiedliche Browser stellen Ihnen verschiedene Steuerelemente zur Verf\u00fcgung. \u00dcblicherweise bietet Ihnen Ihr Browser die Wahl, Cookies jederzeit zu akzeptieren, abzulehnen oder zu l\u00f6schen, oder solche von Anbietern, die von Website-Besitzern verwendet werden, z.B. von Drittanbietern oder von bestimmten Websites. Die Website eines jeden Browsers sollte Anweisungen enthalten, wie Sie dies tun k\u00f6nnen. Zum Beispiel:<\/p>\n\n\n\n<p>Konfiguration von Internet Explorer-Cookies&nbsp;<a href=\"https:\/\/support.microsoft.com\/de-de\/help\/17442\/windows-internet-explorer-delete-manage-cookies\">https:\/\/support.microsoft.com\/de-de\/help\/17442\/windows-internet-explorer-delete-manage-cookies<\/a>&nbsp;*<\/p>\n\n\n\n<p>Konfiguration von Firefox-Cookies&nbsp;<a href=\"https:\/\/support.mozilla.org\/de\/kb\/cookies-erlauben-und-ablehnen\">https:\/\/support.mozilla.org\/de\/kb\/cookies-erlauben-und-ablehnen<\/a>&nbsp;*<\/p>\n\n\n\n<p>Konfiguration von Google Chrome-Cookies&nbsp;<a href=\"https:\/\/support.google.com\/chrome\/answer\/95647?hl=de\">https:\/\/support.google.com\/chrome\/answer\/95647?hl=de<\/a>&nbsp;*<\/p>\n\n\n\n<p>Konfiguration von Mozilla Firefox Cookies&nbsp;<a href=\"https:\/\/support.mozilla.org\/de\/kb\/cookies-informationen-websites-auf-ihrem-computer\">https:\/\/support.mozilla.org\/de\/kb\/cookies-informationen-websites-auf-ihrem-computer<\/a>&nbsp;*<\/p>\n\n\n\n<p>Konfiguration von Safari Cookies&nbsp;<a href=\"https:\/\/support.apple.com\/de-de\/HT201265\">https:\/\/support.apple.com\/de-de\/HT201265<\/a>&nbsp;*<\/p>\n\n\n\n<p>Konfiguration von Opera-Cookies&nbsp;<a href=\"https:\/\/www.opera.com\/de\/help\">https:\/\/www.opera.com\/de\/help<\/a>&nbsp;*<\/p>\n\n\n\n<p>Falls Sie einen anderen Browser einsetzen, lesen Sie bitte die Dokumentation Ihres Browsers. Weitere Informationen zum \u00c4ndern der Cookie-Einstellungen Ihres Browsers finden Sie ferner unter&nbsp;<a href=\"http:\/\/www.allaboutcookies.org\/\">www.allaboutcookies.org<\/a>&nbsp;*<\/p>\n\n\n\n<p>*Bitte beachten Sie, dass wir keine Verantwortung f\u00fcr den Inhalt externer Websites \u00fcbernehmen k\u00f6nnen.<\/p>\n\n\n\n<p>Die Cookies sind auch \u00fcber Links in unseren&nbsp;<a href=\"https:\/\/www.switchonshop.com\/#inline\">Cookie-Tabellen<\/a>&nbsp;steuerbar.<\/p>\n\n\n\n<p>Hier k\u00f6nnen Sie alle Cookies&nbsp;<a>ablehnen<\/a>.<\/p>\n\n\n\n<p>\u00c4NDERUNGEN<\/p>\n\n\n\n<p>Diese Cookie-Richtlinie wird regelm\u00e4\u00dfig kontrolliert, um zu gew\u00e4hrleisten, dass sie auf dem neuesten Stand ist, und unterliegt deshalb \u00c4nderungen. Wir empfehlen Ihnen, diese Seite regelm\u00e4\u00dfig zu besuchen, und werden Sie auch \u00fcber alle damit verbundenen Updates informieren.<\/p>\n\n\n\n<p>KONTAKTDETAILS:<\/p>\n\n\n\n<p>Sollten Sie weitere Fragen oder Beschwerden zu dieser Cookie-Richtlinie haben oder Ihre datenschutzrechtlichen Rechte aus\u00fcben wollen, k\u00f6nnen Sie mit uns unter der E-Mail-Adresse office@zls-services.de oder per Post unter den folgenden Adressen kommunizieren:<\/p>\n\n\n\n<p>ZLS Services GmbH<\/p>\n\n\n\n<p>Hamburger Allee<\/p>\n\n\n\n<p>56 60486 Frankfurt<\/p>\n\n\n\n<p>Deutsch<\/p>\n\n\n\n<p>G\u00fcltigkeitsdatum f\u00fcr das Inkrafttreten: am Montag, 11. M\u00e4rz 2019 bestanden hat.<\/p>\n\n\n\n<p><\/p>\n\n\n\n<p><\/p>\n\n\n\n<p><\/p>\n<\/div>\n<\/div>\n","protected":false},"excerpt":{"rendered":"<p>Unsere Website verwendet Cookies, um Informationen \u00fcber ihre Nutzung zu sammeln. Das bedeutet, dass beim Besuch unserer Website auf Ihrem Computer oder mobilen Ger\u00e4t Cookies abgelegt werden. Mit Ver\u00f6ffentlichung dieser Cookie-Richtlinie bekennen wir uns zu den aktuellen gesetzlichen Anforderungen an die Nutzung von Cookies und stellen Ihnen Informationen zur Verf\u00fcgung, damit es f\u00fcr Sie nachvollziehbar [&hellip;]<\/p>\n","protected":false},"author":25,"featured_media":0,"parent":0,"menu_order":0,"comment_status":"closed","ping_status":"closed","template":"","meta":{"_acf_changed":false,"_monsterinsights_skip_tracking":false,"_monsterinsights_sitenote_active":false,"_monsterinsights_sitenote_note":"","_monsterinsights_sitenote_category":0,"footnotes":""},"class_list":["post-4604","page","type-page","status-publish","hentry"],"acf":[],"aioseo_notices":[],"_links":{"self":[{"href":"https:\/\/infomir.store\/de\/wp-json\/wp\/v2\/pages\/4604","targetHints":{"allow":["GET"]}}],"collection":[{"href":"https:\/\/infomir.store\/de\/wp-json\/wp\/v2\/pages"}],"about":[{"href":"https:\/\/infomir.store\/de\/wp-json\/wp\/v2\/types\/page"}],"author":[{"embeddable":true,"href":"https:\/\/infomir.store\/de\/wp-json\/wp\/v2\/users\/25"}],"replies":[{"embeddable":true,"href":"https:\/\/infomir.store\/de\/wp-json\/wp\/v2\/comments?post=4604"}],"version-history":[{"count":0,"href":"https:\/\/infomir.store\/de\/wp-json\/wp\/v2\/pages\/4604\/revisions"}],"wp:attachment":[{"href":"https:\/\/infomir.store\/de\/wp-json\/wp\/v2\/media?parent=4604"}],"curies":[{"name":"wp","href":"https:\/\/api.w.org\/{rel}","templated":true}]}}