{"id":4606,"date":"2022-05-31T11:00:05","date_gmt":"2022-05-31T08:00:05","guid":{"rendered":"https:\/\/infomir.store\/impressum\/"},"modified":"2023-11-13T14:46:57","modified_gmt":"2023-11-13T11:46:57","slug":"impressum","status":"publish","type":"page","link":"https:\/\/infomir.store\/de\/impressum\/","title":{"rendered":"Impressum"},"content":{"rendered":"\n<div class=\"wp-block-columns container-page is-layout-flex wp-container-core-columns-is-layout-9d6595d7 wp-block-columns-is-layout-flex\">\n<div class=\"wp-block-column is-layout-flow wp-block-column-is-layout-flow\">\n<p>Diese Website wird von der ZLS Services GmbH betrieben<\/p>\n\n\n\n<p>ZLS Services GmbH<\/p>\n\n\n\n<p>Hamburger Allee 56<\/p>\n\n\n\n<p>60486 Frankfurt<\/p>\n\n\n\n<p>Deutschland<\/p>\n\n\n\n<p>Telefon: +496926947062<\/p>\n\n\n\n<p>Mo.-Fr. von 09:00 bis 18:00<\/p>\n\n\n\n<p>E-Mail: office@zls-services.de<\/p>\n\n\n\n<p>Website: <a href=\"https:\/\/infomir.store\/de\/\">https:\/\/infomir.store\/de\/<\/a><\/p>\n\n\n\n<p>Gesch\u00e4ftsf\u00fchrer : Zigura Ievgeniia<\/p>\n\n\n\n<p>Registergericht: HRB 50274 (Amtsgericht Frankfurt am Main)<\/p>\n\n\n\n<p>Umsatzsteuer-Identifikationsnummer: DE 314486818<\/p>\n\n\n\n<p>USt-Nr. 04724980398<\/p>\n\n\n\n<p>WEEE-Reg.-Nr. DE 30313434<\/p>\n\n\n\n<p><\/p>\n\n\n\n<p><strong>Haftungs-Ausschluss<\/strong><\/p>\n\n\n\n<p>Auf dieser Website befinden sich Hyperlinks zu Websites anderer Anbieter. Die ZLS Services GmbH \u00fcbernimmt keine Gew\u00e4hr oder Haftung f\u00fcr eventuell rechtswidrige Inhalte oder sonstige Rechtsverletzungen auf Websites fremder Anbieter.<\/p>\n\n\n\n<p><\/p>\n\n\n\n<p><strong>Haftung f\u00fcr Inhalte<\/strong><\/p>\n\n\n\n<p>Die Inhalte unserer Seiten wurden mit gr\u00f6\u00dfter Sorgfalt erstellt. F\u00fcr die Richtigkeit, Vollst\u00e4ndigkeit und Richtigkeit der Inhalte k\u00f6nnen wir jedoch keine Gew\u00e4hr \u00fcbernehmen. Als Diensteanbieter sind wir gem\u00e4\u00df \u00a7 7 Abs.1 TMG f\u00fcr eigene Inhalte auf diesen Seiten nach den allgemeinen Gesetzen verantwortlich. Nach \u00a7\u00a7 8 bis 10 TMG sind wir als Diensteanbieter jedoch nicht verpflichtet, \u00fcbermittelte oder gespeicherte fremde Informationen zu \u00fcberwachen oder nach Umst\u00e4nden zu forschen, die auf eine rechtswidrige T\u00e4tigkeit hinweisen. Verpflichtungen zur Entfernung oder Sperrung der Nutzung von Informationen nach den allgemeinen Gesetzen bleiben hiervon unber\u00fchrt. Eine diesbez\u00fcgliche Haftung ist jedoch erst ab dem Zeitpunkt der Kenntnis einer konkreten Rechtsverletzung m\u00f6glich. Bei Bekanntwerden von entsprechenden Rechtsverletzungen werden wir diese Inhalte umgehend entfernen.<\/p>\n\n\n\n<p><\/p>\n\n\n\n<p><strong>Urheberrecht<\/strong><\/p>\n\n\n\n<p>Die durch die Seitenbetreiber erstellten Inhalte und Werke auf diesen Seiten unterliegen dem deutschen Urheberrecht. Die Vervielf\u00e4ltigung, Bearbeitung, Verbreitung und jede Art der Verwertung au\u00dferhalb der Grenzen des Urheberrechtes bed\u00fcrfen der schriftlichen Zustimmung des jeweiligen Autors bzw. Erstellers. Downloads und Kopien dieser Seite sind nur f\u00fcr den privaten, nicht kommerziellen Gebrauch gestattet. Soweit die Inhalte auf dieser Seite nicht vom Betreiber erstellt wurden, werden die Urheberrechte Dritter beachtet. Insbesondere werden Inhalte Dritter als solche gekennzeichnet. Sollten Sie trotzdem auf eine Urheberrechtsverletzung aufmerksam werden, bitten wir um einen entsprechenden Hinweis. Bei Bekanntwerden von Rechtsverletzungen werden wir derartige Inhalte umgehend entfernen.<\/p>\n<\/div>\n<\/div>\n","protected":false},"excerpt":{"rendered":"<p>Diese Website wird von der ZLS Services GmbH betrieben ZLS Services GmbH Hamburger Allee 56 60486 Frankfurt Deutschland Telefon: +496926947062 Mo.-Fr. von 09:00 bis 18:00 E-Mail: office@zls-services.de Website: https:\/\/infomir.store\/de\/ Gesch\u00e4ftsf\u00fchrer : Zigura Ievgeniia Registergericht: HRB 50274 (Amtsgericht Frankfurt am Main) Umsatzsteuer-Identifikationsnummer: DE 314486818 USt-Nr. 04724980398 WEEE-Reg.-Nr. DE 30313434 Haftungs-Ausschluss Auf dieser Website befinden sich Hyperlinks [&hellip;]<\/p>\n","protected":false},"author":1,"featured_media":0,"parent":0,"menu_order":0,"comment_status":"closed","ping_status":"closed","template":"","meta":{"_acf_changed":false,"_monsterinsights_skip_tracking":false,"_monsterinsights_sitenote_active":false,"_monsterinsights_sitenote_note":"","_monsterinsights_sitenote_category":0,"footnotes":""},"class_list":["post-4606","page","type-page","status-publish","hentry"],"acf":[],"aioseo_notices":[],"_links":{"self":[{"href":"https:\/\/infomir.store\/de\/wp-json\/wp\/v2\/pages\/4606","targetHints":{"allow":["GET"]}}],"collection":[{"href":"https:\/\/infomir.store\/de\/wp-json\/wp\/v2\/pages"}],"about":[{"href":"https:\/\/infomir.store\/de\/wp-json\/wp\/v2\/types\/page"}],"author":[{"embeddable":true,"href":"https:\/\/infomir.store\/de\/wp-json\/wp\/v2\/users\/1"}],"replies":[{"embeddable":true,"href":"https:\/\/infomir.store\/de\/wp-json\/wp\/v2\/comments?post=4606"}],"version-history":[{"count":0,"href":"https:\/\/infomir.store\/de\/wp-json\/wp\/v2\/pages\/4606\/revisions"}],"wp:attachment":[{"href":"https:\/\/infomir.store\/de\/wp-json\/wp\/v2\/media?parent=4606"}],"curies":[{"name":"wp","href":"https:\/\/api.w.org\/{rel}","templated":true}]}}