{"id":4059,"date":"2022-04-11T13:23:06","date_gmt":"2022-04-11T10:23:06","guid":{"rendered":"https:\/\/infomir.store\/?post_type=product&#038;p=4059"},"modified":"2024-01-16T11:26:27","modified_gmt":"2024-01-16T08:26:27","slug":"hdmi-2-0-kabel","status":"publish","type":"product","link":"https:\/\/infomir.store\/de\/product\/hdmi-2-0-kabel\/","title":{"rendered":"HDMI-2.0-Kabel"},"content":{"rendered":"","protected":false},"excerpt":{"rendered":"<p><span style=\"font-weight: 400;\">Das HDMI-Kabel \u00fcbertr\u00e4gt hochaufl\u00f6sende Videos mit Mehrkanalton von der Set-Top-Box zum Fernseher<\/span><\/p>\n","protected":false},"featured_media":544,"comment_status":"closed","ping_status":"closed","template":"","meta":{"_acf_changed":false,"_monsterinsights_skip_tracking":false,"_monsterinsights_sitenote_active":false,"_monsterinsights_sitenote_note":"","_monsterinsights_sitenote_category":0},"product_brand":[],"product_cat":[61],"product_tag":[],"class_list":{"0":"post-4059","1":"product","2":"type-product","3":"status-publish","4":"has-post-thumbnail","6":"product_cat-accessories-de","8":"first","9":"instock","10":"taxable","11":"shipping-taxable","12":"purchasable","13":"product-type-simple"},"acf":[],"aioseo_notices":[],"_links":{"self":[{"href":"https:\/\/infomir.store\/de\/wp-json\/wp\/v2\/product\/4059","targetHints":{"allow":["GET"]}}],"collection":[{"href":"https:\/\/infomir.store\/de\/wp-json\/wp\/v2\/product"}],"about":[{"href":"https:\/\/infomir.store\/de\/wp-json\/wp\/v2\/types\/product"}],"replies":[{"embeddable":true,"href":"https:\/\/infomir.store\/de\/wp-json\/wp\/v2\/comments?post=4059"}],"wp:featuredmedia":[{"embeddable":true,"href":"https:\/\/infomir.store\/de\/wp-json\/wp\/v2\/media\/544"}],"wp:attachment":[{"href":"https:\/\/infomir.store\/de\/wp-json\/wp\/v2\/media?parent=4059"}],"wp:term":[{"taxonomy":"product_brand","embeddable":true,"href":"https:\/\/infomir.store\/de\/wp-json\/wp\/v2\/product_brand?post=4059"},{"taxonomy":"product_cat","embeddable":true,"href":"https:\/\/infomir.store\/de\/wp-json\/wp\/v2\/product_cat?post=4059"},{"taxonomy":"product_tag","embeddable":true,"href":"https:\/\/infomir.store\/de\/wp-json\/wp\/v2\/product_tag?post=4059"}],"curies":[{"name":"wp","href":"https:\/\/api.w.org\/{rel}","templated":true}]}}